{"id":1263,"date":"2019-07-08T03:01:51","date_gmt":"2019-07-08T01:01:51","guid":{"rendered":"https:\/\/www.corsica-paradise.com\/locaties\/"},"modified":"2023-05-22T10:29:41","modified_gmt":"2023-05-22T08:29:41","slug":"locations","status":"publish","type":"page","link":"https:\/\/www.corsica-paradise.com\/fr\/locations\/","title":{"rendered":"Locations"},"content":{"rendered":"\t\t<div data-elementor-type=\"wp-post\" data-elementor-id=\"1263\" class=\"elementor elementor-1263 elementor-688\" data-elementor-post-type=\"page\">\n\t\t\t\t\t\t<section class=\"elementor-section elementor-top-section elementor-element elementor-element-888b7e0 elementor-section-boxed elementor-section-height-default elementor-section-height-default\" data-id=\"888b7e0\" data-element_type=\"section\" data-settings=\"{&quot;jet_parallax_layout_list&quot;:[{&quot;jet_parallax_layout_image&quot;:{&quot;url&quot;:&quot;&quot;,&quot;id&quot;:&quot;&quot;,&quot;size&quot;:&quot;&quot;},&quot;_id&quot;:&quot;225207e&quot;,&quot;jet_parallax_layout_speed&quot;:{&quot;unit&quot;:&quot;%&quot;,&quot;size&quot;:&quot;50&quot;,&quot;sizes&quot;:[]},&quot;jet_parallax_layout_bg_x&quot;:&quot;50&quot;,&quot;jet_parallax_layout_bg_y&quot;:&quot;50&quot;,&quot;jet_parallax_layout_image_tablet&quot;:{&quot;url&quot;:&quot;&quot;,&quot;id&quot;:&quot;&quot;,&quot;size&quot;:&quot;&quot;},&quot;jet_parallax_layout_image_mobile&quot;:{&quot;url&quot;:&quot;&quot;,&quot;id&quot;:&quot;&quot;,&quot;size&quot;:&quot;&quot;},&quot;jet_parallax_layout_type&quot;:&quot;scroll&quot;,&quot;jet_parallax_layout_direction&quot;:null,&quot;jet_parallax_layout_fx_direction&quot;:null,&quot;jet_parallax_layout_z_index&quot;:&quot;&quot;,&quot;jet_parallax_layout_bg_x_tablet&quot;:&quot;&quot;,&quot;jet_parallax_layout_bg_x_mobile&quot;:&quot;&quot;,&quot;jet_parallax_layout_bg_y_tablet&quot;:&quot;&quot;,&quot;jet_parallax_layout_bg_y_mobile&quot;:&quot;&quot;,&quot;jet_parallax_layout_bg_size&quot;:&quot;auto&quot;,&quot;jet_parallax_layout_bg_size_tablet&quot;:&quot;&quot;,&quot;jet_parallax_layout_bg_size_mobile&quot;:&quot;&quot;,&quot;jet_parallax_layout_animation_prop&quot;:&quot;transform&quot;,&quot;jet_parallax_layout_on&quot;:[&quot;desktop&quot;,&quot;tablet&quot;]}]}\">\n\t\t\t\t\t\t<div class=\"elementor-container elementor-column-gap-default\">\n\t\t\t\t\t<div class=\"elementor-column elementor-col-100 elementor-top-column elementor-element elementor-element-8e3ba79\" data-id=\"8e3ba79\" data-element_type=\"column\">\n\t\t\t<div class=\"elementor-widget-wrap elementor-element-populated\">\n\t\t\t\t\t\t<div class=\"jupiter-tooltip-widget elementor-element elementor-element-eac094e elementor-invisible elementor-widget elementor-widget-image\" data-jupiter-tooltip-settings=\"{&quot;tooltip&quot;:&quot;false&quot;,&quot;tooltipDescription&quot;:&quot;This is Tooltip!&quot;,&quot;tooltipPlacement&quot;:&quot;top&quot;,&quot;tooltipArrow&quot;:true,&quot;xOffset&quot;:0,&quot;yOffset&quot;:0,&quot;tooltipAnimation&quot;:&quot;fade&quot;,&quot;tooltipTrigger&quot;:&quot;mouseenter&quot;,&quot;zIndex&quot;:999,&quot;customSelector&quot;:&quot;&quot;,&quot;delay&quot;:0}\" data-id=\"eac094e\" data-element_type=\"widget\" data-settings=\"{&quot;_animation&quot;:&quot;fadeIn&quot;}\" data-widget_type=\"image.default\">\n\t\t\t\t<div class=\"elementor-widget-container\">\n\t\t\t\t\t\t\t\t\t\t\t\t\t\t\t<img decoding=\"async\" width=\"81\" height=\"20\" src=\"https:\/\/www.corsica-paradise.com\/wp-content\/uploads\/2019\/06\/home-bg-07.png\" class=\"attachment-large size-large wp-image-23\" alt=\"\" \/>\t\t\t\t\t\t\t\t\t\t\t\t\t\t\t<\/div>\n\t\t\t\t<\/div>\n\t\t\t\t<div class=\"jupiter-tooltip-widget elementor-element elementor-element-0312c7b elementor-invisible elementor-widget elementor-widget-heading\" data-jupiter-tooltip-settings=\"{&quot;tooltip&quot;:&quot;false&quot;,&quot;tooltipDescription&quot;:&quot;This is Tooltip!&quot;,&quot;tooltipPlacement&quot;:&quot;top&quot;,&quot;tooltipArrow&quot;:true,&quot;xOffset&quot;:0,&quot;yOffset&quot;:0,&quot;tooltipAnimation&quot;:&quot;fade&quot;,&quot;tooltipTrigger&quot;:&quot;mouseenter&quot;,&quot;zIndex&quot;:999,&quot;customSelector&quot;:&quot;&quot;,&quot;delay&quot;:0}\" data-id=\"0312c7b\" data-element_type=\"widget\" data-settings=\"{&quot;_animation&quot;:&quot;fadeIn&quot;}\" data-widget_type=\"heading.default\">\n\t\t\t\t<div class=\"elementor-widget-container\">\n\t\t\t\t\t<h1 class=\"elementor-heading-title elementor-size-default\">D\u00e9couvrez nos emplacements <\/h1>\t\t\t\t<\/div>\n\t\t\t\t<\/div>\n\t\t\t\t<div class=\"jupiter-tooltip-widget elementor-element elementor-element-ddd67e7 elementor-widget elementor-widget-text-editor\" data-jupiter-tooltip-settings=\"{&quot;tooltip&quot;:&quot;false&quot;,&quot;tooltipDescription&quot;:&quot;This is Tooltip!&quot;,&quot;tooltipPlacement&quot;:&quot;top&quot;,&quot;tooltipArrow&quot;:true,&quot;xOffset&quot;:0,&quot;yOffset&quot;:0,&quot;tooltipAnimation&quot;:&quot;fade&quot;,&quot;tooltipTrigger&quot;:&quot;mouseenter&quot;,&quot;zIndex&quot;:999,&quot;customSelector&quot;:&quot;&quot;,&quot;delay&quot;:0}\" data-id=\"ddd67e7\" data-element_type=\"widget\" data-widget_type=\"text-editor.default\">\n\t\t\t\t<div class=\"elementor-widget-container\">\n\t\t\t\t\t\t\t\t\t<p>Le Camping \u00ab Lacasa \u00bb est un camping magnifique avec une situation exceptionnelle, qui ont tout l\u2019\u00e9quipement n\u00e9cessaire pour profiter pleinement de vos vacances de r\u00eave. <br \/>D\u00e9couvrez notre camping ici.<\/p>\t\t\t\t\t\t\t\t<\/div>\n\t\t\t\t<\/div>\n\t\t\t\t\t<\/div>\n\t\t<\/div>\n\t\t\t\t\t<\/div>\n\t\t<\/section>\n\t\t\t\t<section class=\"elementor-section elementor-top-section elementor-element elementor-element-48fab0f3 elementor-section-full_width elementor-section-height-default elementor-section-height-default\" data-id=\"48fab0f3\" data-element_type=\"section\" data-settings=\"{&quot;jet_parallax_layout_list&quot;:[{&quot;jet_parallax_layout_image&quot;:{&quot;url&quot;:&quot;&quot;,&quot;id&quot;:&quot;&quot;,&quot;size&quot;:&quot;&quot;},&quot;_id&quot;:&quot;0c981a0&quot;,&quot;jet_parallax_layout_speed&quot;:{&quot;unit&quot;:&quot;%&quot;,&quot;size&quot;:&quot;50&quot;,&quot;sizes&quot;:[]},&quot;jet_parallax_layout_bg_x&quot;:&quot;50&quot;,&quot;jet_parallax_layout_bg_y&quot;:&quot;50&quot;,&quot;jet_parallax_layout_image_tablet&quot;:{&quot;url&quot;:&quot;&quot;,&quot;id&quot;:&quot;&quot;,&quot;size&quot;:&quot;&quot;},&quot;jet_parallax_layout_image_mobile&quot;:{&quot;url&quot;:&quot;&quot;,&quot;id&quot;:&quot;&quot;,&quot;size&quot;:&quot;&quot;},&quot;jet_parallax_layout_type&quot;:&quot;scroll&quot;,&quot;jet_parallax_layout_direction&quot;:null,&quot;jet_parallax_layout_fx_direction&quot;:null,&quot;jet_parallax_layout_z_index&quot;:&quot;&quot;,&quot;jet_parallax_layout_bg_x_tablet&quot;:&quot;&quot;,&quot;jet_parallax_layout_bg_x_mobile&quot;:&quot;&quot;,&quot;jet_parallax_layout_bg_y_tablet&quot;:&quot;&quot;,&quot;jet_parallax_layout_bg_y_mobile&quot;:&quot;&quot;,&quot;jet_parallax_layout_bg_size&quot;:&quot;auto&quot;,&quot;jet_parallax_layout_bg_size_tablet&quot;:&quot;&quot;,&quot;jet_parallax_layout_bg_size_mobile&quot;:&quot;&quot;,&quot;jet_parallax_layout_animation_prop&quot;:&quot;transform&quot;,&quot;jet_parallax_layout_on&quot;:[&quot;desktop&quot;,&quot;tablet&quot;]}]}\">\n\t\t\t\t\t\t<div class=\"elementor-container elementor-column-gap-no\">\n\t\t\t\t\t<div class=\"elementor-column elementor-col-100 elementor-top-column elementor-element elementor-element-5cd813fe\" data-id=\"5cd813fe\" data-element_type=\"column\">\n\t\t\t<div class=\"elementor-widget-wrap elementor-element-populated\">\n\t\t\t\t\t\t<div class=\"jupiter-tooltip-widget elementor-element elementor-element-65ffffd8 elementor-widget elementor-widget-jet-carousel\" data-jupiter-tooltip-settings=\"{&quot;tooltip&quot;:&quot;false&quot;,&quot;tooltipDescription&quot;:&quot;This is Tooltip!&quot;,&quot;tooltipPlacement&quot;:&quot;top&quot;,&quot;tooltipArrow&quot;:true,&quot;xOffset&quot;:0,&quot;yOffset&quot;:0,&quot;tooltipAnimation&quot;:&quot;fade&quot;,&quot;tooltipTrigger&quot;:&quot;mouseenter&quot;,&quot;zIndex&quot;:999,&quot;customSelector&quot;:&quot;&quot;,&quot;delay&quot;:0}\" data-id=\"65ffffd8\" data-element_type=\"widget\" data-settings=\"{&quot;slides_to_show_tablet&quot;:&quot;1&quot;,&quot;slides_to_show&quot;:&quot;1&quot;,&quot;slides_to_scroll&quot;:&quot;1&quot;}\" data-widget_type=\"jet-carousel.default\">\n\t\t\t\t<div class=\"elementor-widget-container\">\n\t\t\t\t\t<div class=\"elementor-jet-carousel jet-elements\"><div class=\"jet-carousel-wrap\">\n\t<div class=\"jet-carousel\" data-slider_options=\"{&quot;autoplaySpeed&quot;:4000,&quot;autoplay&quot;:true,&quot;infinite&quot;:true,&quot;centerMode&quot;:false,&quot;centerPadding&quot;:&quot;50px&quot;,&quot;pauseOnHover&quot;:true,&quot;speed&quot;:500,&quot;arrows&quot;:false,&quot;dots&quot;:false,&quot;variableWidth&quot;:false,&quot;prevArrow&quot;:&quot;.jet-carousel__prev-arrow-65ffffd8&quot;,&quot;nextArrow&quot;:&quot;.jet-carousel__next-arrow-65ffffd8&quot;,&quot;rtl&quot;:false,&quot;fractionNav&quot;:false,&quot;fade&quot;:false}\" dir=\"ltr\">\n\t<div class=\"elementor-slick-slider\">\n<div class=\"jet-carousel__item\">\n\t<div class=\"jet-carousel__item-inner\">\n\t<figure class=\"jet-banner jet-effect-lily\"><a href=\"https:\/\/www.corsica-paradise.com\/fr\/locations\/camping-lacasa\/\" class=\"jet-banner__link\"><div class=\"jet-banner__overlay\"><\/div><img decoding=\"async\" src=\"https:\/\/www.corsica-paradise.com\/wp-content\/uploads\/2020\/05\/Camping-lacasa-scaled.jpg\" class=\"jet-banner__img\" alt=\"Camping-lacasa\" loading=\"lazy\"><figcaption class=\"jet-banner__content\"><div class=\"jet-banner__content-wrap\"><h2 class=\"jet-banner__title\">Camping Lacasa<\/h2><div class=\"jet-banner__text\">Corsica Paradise<\/div><\/div><\/figcaption><\/a><\/figure>\n\t<\/div>\n<\/div><\/div><\/div>\n<\/div>\n<\/div>\t\t\t\t<\/div>\n\t\t\t\t<\/div>\n\t\t\t\t\t<\/div>\n\t\t<\/div>\n\t\t\t\t\t<\/div>\n\t\t<\/section>\n\t\t\t\t<section class=\"elementor-section elementor-top-section elementor-element elementor-element-76c7f5e4 elementor-section-stretched elementor-section-boxed elementor-section-height-default elementor-section-height-default\" data-id=\"76c7f5e4\" data-element_type=\"section\" data-settings=\"{&quot;jet_parallax_layout_list&quot;:[{&quot;jet_parallax_layout_image&quot;:{&quot;url&quot;:&quot;&quot;,&quot;id&quot;:&quot;&quot;,&quot;size&quot;:&quot;&quot;},&quot;_id&quot;:&quot;774d34b&quot;,&quot;jet_parallax_layout_speed&quot;:{&quot;unit&quot;:&quot;%&quot;,&quot;size&quot;:&quot;50&quot;,&quot;sizes&quot;:[]},&quot;jet_parallax_layout_bg_x&quot;:&quot;50&quot;,&quot;jet_parallax_layout_bg_y&quot;:&quot;50&quot;,&quot;jet_parallax_layout_image_tablet&quot;:{&quot;url&quot;:&quot;&quot;,&quot;id&quot;:&quot;&quot;,&quot;size&quot;:&quot;&quot;},&quot;jet_parallax_layout_image_mobile&quot;:{&quot;url&quot;:&quot;&quot;,&quot;id&quot;:&quot;&quot;,&quot;size&quot;:&quot;&quot;},&quot;jet_parallax_layout_type&quot;:&quot;scroll&quot;,&quot;jet_parallax_layout_direction&quot;:null,&quot;jet_parallax_layout_fx_direction&quot;:null,&quot;jet_parallax_layout_z_index&quot;:&quot;&quot;,&quot;jet_parallax_layout_bg_x_tablet&quot;:&quot;&quot;,&quot;jet_parallax_layout_bg_x_mobile&quot;:&quot;&quot;,&quot;jet_parallax_layout_bg_y_tablet&quot;:&quot;&quot;,&quot;jet_parallax_layout_bg_y_mobile&quot;:&quot;&quot;,&quot;jet_parallax_layout_bg_size&quot;:&quot;auto&quot;,&quot;jet_parallax_layout_bg_size_tablet&quot;:&quot;&quot;,&quot;jet_parallax_layout_bg_size_mobile&quot;:&quot;&quot;,&quot;jet_parallax_layout_animation_prop&quot;:&quot;transform&quot;,&quot;jet_parallax_layout_on&quot;:[&quot;desktop&quot;,&quot;tablet&quot;]}],&quot;background_background&quot;:&quot;classic&quot;,&quot;stretch_section&quot;:&quot;section-stretched&quot;}\">\n\t\t\t\t\t\t\t<div class=\"elementor-background-overlay\"><\/div>\n\t\t\t\t\t\t\t<div class=\"elementor-container elementor-column-gap-default\">\n\t\t\t\t\t<div class=\"elementor-column elementor-col-100 elementor-top-column elementor-element elementor-element-18876215\" data-id=\"18876215\" data-element_type=\"column\">\n\t\t\t<div class=\"elementor-widget-wrap elementor-element-populated\">\n\t\t\t\t\t\t<div class=\"jupiter-tooltip-widget elementor-element elementor-element-10088d16 elementor-invisible elementor-widget elementor-widget-heading\" data-jupiter-tooltip-settings=\"{&quot;tooltip&quot;:&quot;false&quot;,&quot;tooltipDescription&quot;:&quot;This is Tooltip!&quot;,&quot;tooltipPlacement&quot;:&quot;top&quot;,&quot;tooltipArrow&quot;:true,&quot;xOffset&quot;:0,&quot;yOffset&quot;:0,&quot;tooltipAnimation&quot;:&quot;fade&quot;,&quot;tooltipTrigger&quot;:&quot;mouseenter&quot;,&quot;zIndex&quot;:999,&quot;customSelector&quot;:&quot;&quot;,&quot;delay&quot;:0}\" data-id=\"10088d16\" data-element_type=\"widget\" data-settings=\"{&quot;_animation&quot;:&quot;fadeIn&quot;}\" data-widget_type=\"heading.default\">\n\t\t\t\t<div class=\"elementor-widget-container\">\n\t\t\t\t\t<h2 class=\"elementor-heading-title elementor-size-default\">INT\u00c9RESS\u00c9 ? <br>FAITEs-LE NOUS SAVOIR\n<\/h2>\t\t\t\t<\/div>\n\t\t\t\t<\/div>\n\t\t\t\t<div class=\"jupiter-tooltip-widget elementor-element elementor-element-7dcfeabe elementor-align-center elementor-mobile-align-center elementor-widget elementor-widget-button\" data-jupiter-tooltip-settings=\"{&quot;tooltip&quot;:&quot;false&quot;,&quot;tooltipDescription&quot;:&quot;This is Tooltip!&quot;,&quot;tooltipPlacement&quot;:&quot;top&quot;,&quot;tooltipArrow&quot;:true,&quot;xOffset&quot;:0,&quot;yOffset&quot;:0,&quot;tooltipAnimation&quot;:&quot;fade&quot;,&quot;tooltipTrigger&quot;:&quot;mouseenter&quot;,&quot;zIndex&quot;:999,&quot;customSelector&quot;:&quot;&quot;,&quot;delay&quot;:0}\" data-id=\"7dcfeabe\" data-element_type=\"widget\" data-widget_type=\"button.default\">\n\t\t\t\t<div class=\"elementor-widget-container\">\n\t\t\t\t\t\t\t\t\t<div class=\"elementor-button-wrapper\">\n\t\t\t\t\t<a class=\"elementor-button elementor-button-link elementor-size-sm\" href=\"\/fr\/contact\/\">\n\t\t\t\t\t\t<span class=\"elementor-button-content-wrapper\">\n\t\t\t\t\t\t<span class=\"elementor-button-icon\">\n\t\t\t\t\t\t\t<\/span>\n\t\t\t\t\t\t\t\t\t<span class=\"elementor-button-text\">Prenez contact<\/span>\n\t\t\t\t\t<\/span>\n\t\t\t\t\t<\/a>\n\t\t\t\t<\/div>\n\t\t\t\t\t\t\t\t<\/div>\n\t\t\t\t<\/div>\n\t\t\t\t\t<\/div>\n\t\t<\/div>\n\t\t\t\t\t<\/div>\n\t\t<\/section>\n\t\t\t\t<\/div>\n\t\t","protected":false},"excerpt":{"rendered":"<p>D\u00e9couvrez nos emplacements Le Camping \u00ab Lacasa \u00bb est un camping magnifique avec une situation exceptionnelle, qui ont tout l\u2019\u00e9quipement n\u00e9cessaire pour profiter pleinement de vos vacances de r\u00eave. D\u00e9couvrez notre camping ici. Camping Lacasa Corsica Paradise INT\u00c9RESS\u00c9 ? FAITEs-LE NOUS SAVOIR Prenez contact<\/p>\n","protected":false},"author":1,"featured_media":3328,"parent":0,"menu_order":12,"comment_status":"closed","ping_status":"closed","template":"","meta":{"_acf_changed":false,"inline_featured_image":false,"footnotes":""},"class_list":["post-1263","page","type-page","status-publish","has-post-thumbnail","hentry"],"acf":[],"yoast_head":"<!-- This site is optimized with the Yoast SEO plugin v27.0 - https:\/\/yoast.com\/product\/yoast-seo-wordpress\/ -->\n<title>Locations - Corsica Paradise - Camping Lacasa &amp; Monte Ortu<\/title>\n<meta name=\"description\" content=\"D\u00e9couvrez nos locations camping avec Mobil-homes pour des vacances inoubliables en Corse ! Des campings s\u00e9lectionn\u00e9s par Corsica Paradise.\" \/>\n<meta name=\"robots\" content=\"index, follow, max-snippet:-1, max-image-preview:large, max-video-preview:-1\" \/>\n<link rel=\"canonical\" href=\"https:\/\/www.corsica-paradise.com\/fr\/locations\/\" \/>\n<meta property=\"og:locale\" content=\"fr_FR\" \/>\n<meta property=\"og:type\" content=\"article\" \/>\n<meta property=\"og:title\" content=\"Locations - Corsica Paradise - Camping Lacasa &amp; Monte Ortu\" \/>\n<meta property=\"og:description\" content=\"D\u00e9couvrez nos locations camping avec Mobil-homes pour des vacances inoubliables en Corse ! Des campings s\u00e9lectionn\u00e9s par Corsica Paradise.\" \/>\n<meta property=\"og:url\" content=\"https:\/\/www.corsica-paradise.com\/fr\/locations\/\" \/>\n<meta property=\"og:site_name\" content=\"Corsica Paradise\" \/>\n<meta property=\"article:modified_time\" content=\"2023-05-22T08:29:41+00:00\" \/>\n<meta property=\"og:image\" content=\"https:\/\/www.corsica-paradise.com\/wp-content\/uploads\/2022\/09\/residences-camping-lacasa-camping-monte-ortu-corse.jpg\" \/>\n\t<meta property=\"og:image:width\" content=\"1600\" \/>\n\t<meta property=\"og:image:height\" content=\"1067\" \/>\n\t<meta property=\"og:image:type\" content=\"image\/jpeg\" \/>\n<meta name=\"twitter:card\" content=\"summary_large_image\" \/>\n<meta name=\"twitter:label1\" content=\"Dur\u00e9e de lecture estim\u00e9e\" \/>\n\t<meta name=\"twitter:data1\" content=\"1 minute\" \/>\n<script type=\"application\/ld+json\" class=\"yoast-schema-graph\">{\"@context\":\"https:\/\/schema.org\",\"@graph\":[{\"@type\":\"WebPage\",\"@id\":\"https:\/\/www.corsica-paradise.com\/fr\/locations\/\",\"url\":\"https:\/\/www.corsica-paradise.com\/fr\/locations\/\",\"name\":\"Locations - Corsica Paradise - Camping Lacasa & Monte Ortu\",\"isPartOf\":{\"@id\":\"https:\/\/www.corsica-paradise.com\/fr\/#website\"},\"primaryImageOfPage\":{\"@id\":\"https:\/\/www.corsica-paradise.com\/fr\/locations\/#primaryimage\"},\"image\":{\"@id\":\"https:\/\/www.corsica-paradise.com\/fr\/locations\/#primaryimage\"},\"thumbnailUrl\":\"https:\/\/www.corsica-paradise.com\/wp-content\/uploads\/2022\/09\/residences-camping-lacasa-camping-monte-ortu-corse.jpg\",\"datePublished\":\"2019-07-08T01:01:51+00:00\",\"dateModified\":\"2023-05-22T08:29:41+00:00\",\"description\":\"D\u00e9couvrez nos locations camping avec Mobil-homes pour des vacances inoubliables en Corse ! Des campings s\u00e9lectionn\u00e9s par Corsica Paradise.\",\"breadcrumb\":{\"@id\":\"https:\/\/www.corsica-paradise.com\/fr\/locations\/#breadcrumb\"},\"inLanguage\":\"fr-FR\",\"potentialAction\":[{\"@type\":\"ReadAction\",\"target\":[\"https:\/\/www.corsica-paradise.com\/fr\/locations\/\"]}]},{\"@type\":\"ImageObject\",\"inLanguage\":\"fr-FR\",\"@id\":\"https:\/\/www.corsica-paradise.com\/fr\/locations\/#primaryimage\",\"url\":\"https:\/\/www.corsica-paradise.com\/wp-content\/uploads\/2022\/09\/residences-camping-lacasa-camping-monte-ortu-corse.jpg\",\"contentUrl\":\"https:\/\/www.corsica-paradise.com\/wp-content\/uploads\/2022\/09\/residences-camping-lacasa-camping-monte-ortu-corse.jpg\",\"width\":1600,\"height\":1067,\"caption\":\"residences-camping-lacasa-camping-monte-ortu-corse\"},{\"@type\":\"BreadcrumbList\",\"@id\":\"https:\/\/www.corsica-paradise.com\/fr\/locations\/#breadcrumb\",\"itemListElement\":[{\"@type\":\"ListItem\",\"position\":1,\"name\":\"Home\",\"item\":\"https:\/\/www.corsica-paradise.com\/fr\/\"},{\"@type\":\"ListItem\",\"position\":2,\"name\":\"Locations\"}]},{\"@type\":\"WebSite\",\"@id\":\"https:\/\/www.corsica-paradise.com\/fr\/#website\",\"url\":\"https:\/\/www.corsica-paradise.com\/fr\/\",\"name\":\"Corsica Paradise\",\"description\":\"\",\"publisher\":{\"@id\":\"https:\/\/www.corsica-paradise.com\/fr\/#organization\"},\"potentialAction\":[{\"@type\":\"SearchAction\",\"target\":{\"@type\":\"EntryPoint\",\"urlTemplate\":\"https:\/\/www.corsica-paradise.com\/fr\/?s={search_term_string}\"},\"query-input\":{\"@type\":\"PropertyValueSpecification\",\"valueRequired\":true,\"valueName\":\"search_term_string\"}}],\"inLanguage\":\"fr-FR\"},{\"@type\":\"Organization\",\"@id\":\"https:\/\/www.corsica-paradise.com\/fr\/#organization\",\"name\":\"Corsica Paradise\",\"url\":\"https:\/\/www.corsica-paradise.com\/fr\/\",\"logo\":{\"@type\":\"ImageObject\",\"inLanguage\":\"fr-FR\",\"@id\":\"https:\/\/www.corsica-paradise.com\/fr\/#\/schema\/logo\/image\/\",\"url\":\"https:\/\/www.corsica-paradise.com\/wp-content\/uploads\/2020\/02\/corsica_6.jpg\",\"contentUrl\":\"https:\/\/www.corsica-paradise.com\/wp-content\/uploads\/2020\/02\/corsica_6.jpg\",\"width\":1900,\"height\":800,\"caption\":\"Corsica Paradise\"},\"image\":{\"@id\":\"https:\/\/www.corsica-paradise.com\/fr\/#\/schema\/logo\/image\/\"}}]}<\/script>\n<!-- \/ Yoast SEO plugin. -->","yoast_head_json":{"title":"Locations - Corsica Paradise - Camping Lacasa & Monte Ortu","description":"D\u00e9couvrez nos locations camping avec Mobil-homes pour des vacances inoubliables en Corse ! Des campings s\u00e9lectionn\u00e9s par Corsica Paradise.","robots":{"index":"index","follow":"follow","max-snippet":"max-snippet:-1","max-image-preview":"max-image-preview:large","max-video-preview":"max-video-preview:-1"},"canonical":"https:\/\/www.corsica-paradise.com\/fr\/locations\/","og_locale":"fr_FR","og_type":"article","og_title":"Locations - Corsica Paradise - Camping Lacasa & Monte Ortu","og_description":"D\u00e9couvrez nos locations camping avec Mobil-homes pour des vacances inoubliables en Corse ! Des campings s\u00e9lectionn\u00e9s par Corsica Paradise.","og_url":"https:\/\/www.corsica-paradise.com\/fr\/locations\/","og_site_name":"Corsica Paradise","article_modified_time":"2023-05-22T08:29:41+00:00","og_image":[{"width":1600,"height":1067,"url":"https:\/\/www.corsica-paradise.com\/wp-content\/uploads\/2022\/09\/residences-camping-lacasa-camping-monte-ortu-corse.jpg","type":"image\/jpeg"}],"twitter_card":"summary_large_image","twitter_misc":{"Dur\u00e9e de lecture estim\u00e9e":"1 minute"},"schema":{"@context":"https:\/\/schema.org","@graph":[{"@type":"WebPage","@id":"https:\/\/www.corsica-paradise.com\/fr\/locations\/","url":"https:\/\/www.corsica-paradise.com\/fr\/locations\/","name":"Locations - Corsica Paradise - Camping Lacasa & Monte Ortu","isPartOf":{"@id":"https:\/\/www.corsica-paradise.com\/fr\/#website"},"primaryImageOfPage":{"@id":"https:\/\/www.corsica-paradise.com\/fr\/locations\/#primaryimage"},"image":{"@id":"https:\/\/www.corsica-paradise.com\/fr\/locations\/#primaryimage"},"thumbnailUrl":"https:\/\/www.corsica-paradise.com\/wp-content\/uploads\/2022\/09\/residences-camping-lacasa-camping-monte-ortu-corse.jpg","datePublished":"2019-07-08T01:01:51+00:00","dateModified":"2023-05-22T08:29:41+00:00","description":"D\u00e9couvrez nos locations camping avec Mobil-homes pour des vacances inoubliables en Corse ! Des campings s\u00e9lectionn\u00e9s par Corsica Paradise.","breadcrumb":{"@id":"https:\/\/www.corsica-paradise.com\/fr\/locations\/#breadcrumb"},"inLanguage":"fr-FR","potentialAction":[{"@type":"ReadAction","target":["https:\/\/www.corsica-paradise.com\/fr\/locations\/"]}]},{"@type":"ImageObject","inLanguage":"fr-FR","@id":"https:\/\/www.corsica-paradise.com\/fr\/locations\/#primaryimage","url":"https:\/\/www.corsica-paradise.com\/wp-content\/uploads\/2022\/09\/residences-camping-lacasa-camping-monte-ortu-corse.jpg","contentUrl":"https:\/\/www.corsica-paradise.com\/wp-content\/uploads\/2022\/09\/residences-camping-lacasa-camping-monte-ortu-corse.jpg","width":1600,"height":1067,"caption":"residences-camping-lacasa-camping-monte-ortu-corse"},{"@type":"BreadcrumbList","@id":"https:\/\/www.corsica-paradise.com\/fr\/locations\/#breadcrumb","itemListElement":[{"@type":"ListItem","position":1,"name":"Home","item":"https:\/\/www.corsica-paradise.com\/fr\/"},{"@type":"ListItem","position":2,"name":"Locations"}]},{"@type":"WebSite","@id":"https:\/\/www.corsica-paradise.com\/fr\/#website","url":"https:\/\/www.corsica-paradise.com\/fr\/","name":"Corsica Paradise","description":"","publisher":{"@id":"https:\/\/www.corsica-paradise.com\/fr\/#organization"},"potentialAction":[{"@type":"SearchAction","target":{"@type":"EntryPoint","urlTemplate":"https:\/\/www.corsica-paradise.com\/fr\/?s={search_term_string}"},"query-input":{"@type":"PropertyValueSpecification","valueRequired":true,"valueName":"search_term_string"}}],"inLanguage":"fr-FR"},{"@type":"Organization","@id":"https:\/\/www.corsica-paradise.com\/fr\/#organization","name":"Corsica Paradise","url":"https:\/\/www.corsica-paradise.com\/fr\/","logo":{"@type":"ImageObject","inLanguage":"fr-FR","@id":"https:\/\/www.corsica-paradise.com\/fr\/#\/schema\/logo\/image\/","url":"https:\/\/www.corsica-paradise.com\/wp-content\/uploads\/2020\/02\/corsica_6.jpg","contentUrl":"https:\/\/www.corsica-paradise.com\/wp-content\/uploads\/2020\/02\/corsica_6.jpg","width":1900,"height":800,"caption":"Corsica Paradise"},"image":{"@id":"https:\/\/www.corsica-paradise.com\/fr\/#\/schema\/logo\/image\/"}}]}},"_links":{"self":[{"href":"https:\/\/www.corsica-paradise.com\/fr\/wp-json\/wp\/v2\/pages\/1263","targetHints":{"allow":["GET"]}}],"collection":[{"href":"https:\/\/www.corsica-paradise.com\/fr\/wp-json\/wp\/v2\/pages"}],"about":[{"href":"https:\/\/www.corsica-paradise.com\/fr\/wp-json\/wp\/v2\/types\/page"}],"author":[{"embeddable":true,"href":"https:\/\/www.corsica-paradise.com\/fr\/wp-json\/wp\/v2\/users\/1"}],"replies":[{"embeddable":true,"href":"https:\/\/www.corsica-paradise.com\/fr\/wp-json\/wp\/v2\/comments?post=1263"}],"version-history":[{"count":15,"href":"https:\/\/www.corsica-paradise.com\/fr\/wp-json\/wp\/v2\/pages\/1263\/revisions"}],"predecessor-version":[{"id":4619,"href":"https:\/\/www.corsica-paradise.com\/fr\/wp-json\/wp\/v2\/pages\/1263\/revisions\/4619"}],"wp:featuredmedia":[{"embeddable":true,"href":"https:\/\/www.corsica-paradise.com\/fr\/wp-json\/wp\/v2\/media\/3328"}],"wp:attachment":[{"href":"https:\/\/www.corsica-paradise.com\/fr\/wp-json\/wp\/v2\/media?parent=1263"}],"curies":[{"name":"wp","href":"https:\/\/api.w.org\/{rel}","templated":true}]}}