{"id":1304,"date":"2020-03-13T09:21:57","date_gmt":"2020-03-13T07:21:57","guid":{"rendered":"https:\/\/www.corsica-paradise.com\/cookie-policy\/"},"modified":"2022-04-06T10:17:57","modified_gmt":"2022-04-06T08:17:57","slug":"cookie-policy","status":"publish","type":"page","link":"https:\/\/www.corsica-paradise.com\/fr\/cookie-policy\/","title":{"rendered":"Cookie Policy"},"content":{"rendered":"<h1 style=\"margin: 0in; font-family: Calibri; font-size: 20.0pt;\"><span style=\"font-weight: bold;\">Politique en mati\u00e8re de cookies<\/span><\/h1>\n<p style=\"margin: 0in; font-family: Calibri; font-size: 11.0pt;\"><span style=\"font-style: italic;\">Derni\u00e8re mise \u00e0 jour le 11\/05\/2020.<\/span><\/p>\n<p style=\"margin: 0in; font-family: Calibri; font-size: 18.0pt;\"><span style=\"font-weight: bold;\">1.\u00a0\u00a0\u00a0\u00a0 Bienvenue<\/span><\/p>\n<p style=\"margin: 0in; font-family: Calibri; font-size: 11.0pt;\">Nous sommes Corsica Paradise,\u00a0\u00e9tablie \u00e0 Lieu dit, Pianottolo, 20111 Calcatoggio, France, avec num\u00e9ro d\u2019entreprise FR20827576778.<\/p>\n<p style=\"margin: 0in; font-family: Calibri; font-size: 11.0pt;\">Dans la pr\u00e9sente Politique en mati\u00e8re de cookies, nous vous expliquons quelles informations nous pouvons collecter via notre site Internet gr\u00e2ce aux cookies et comment nous les utilisons pour am\u00e9liorer nos services.<\/p>\n<p style=\"margin: 0in; font-family: Calibri; font-size: 11.0pt;\">En utilisant notre site Internet, vous acceptez notre usage des cookies.<\/p>\n<p style=\"margin: 0in; font-family: Calibri; font-size: 18.0pt;\"><span style=\"font-weight: bold;\">2.\u00a0\u00a0\u00a0\u00a0 Cookies<\/span><\/p>\n<p style=\"margin: 0in; font-family: Calibri; font-size: 11.0pt;\"><span lang=\"nl-BE\">Un <\/span><span lang=\"nl\" style=\"font-style: italic;\">cookie<\/span><span lang=\"nl-BE\"> est un petit fichier install\u00e9 temporairement par une page Internet sur votre ordinateur ou appareil mobile quand vous visitez un site Internet. Un cookie nous permet d\u2019identifier l\u2019appareil avec lequel vous visitez notre site sans que cela nous donne acc\u00e8s \u00e0 vos donn\u00e9es personnelles.<\/span><\/p>\n<p style=\"margin: 0in; font-family: Calibri; font-size: 11.0pt;\">Les cookies sont faciles \u00e0 supprimer via les r\u00e9glages de votre navigateur. Vous pouvez param\u00e9trer votre navigateur de mani\u00e8re \u00e0 ce qu\u2019il refuse syst\u00e9matiquement les cookies. Cependant, cela peut g\u00eaner l\u2019utilisation de notre site Internet ou emp\u00eacher l\u2019acc\u00e8s \u00e0 certaines fonctionnalit\u00e9s.<\/p>\n<p style=\"margin: 0in; font-family: Calibri; font-size: 18.0pt;\"><span style=\"font-weight: bold;\">Types de cookies<\/span><\/p>\n<p><script type=\"text\/javascript\" charset=\"UTF-8\" data-cookiescriptreport=\"report\" src=\"\/\/report.cookie-script.com\/r\/c1b0abd93fd58c1026d9fb49f3f4daf8.js\"><\/script><\/p>\n","protected":false},"excerpt":{"rendered":"<p>Politique en mati\u00e8re de cookies Derni\u00e8re mise \u00e0 jour le 11\/05\/2020. 1.\u00a0\u00a0\u00a0\u00a0 Bienvenue Nous sommes Corsica Paradise,\u00a0\u00e9tablie \u00e0 Lieu dit, Pianottolo, 20111 Calcatoggio, France, avec num\u00e9ro d\u2019entreprise FR20827576778. Dans la pr\u00e9sente Politique en mati\u00e8re de cookies, nous vous expliquons quelles informations nous pouvons collecter via notre site Internet gr\u00e2ce aux cookies et comment nous les [&hellip;]<\/p>\n","protected":false},"author":2,"featured_media":0,"parent":0,"menu_order":21,"comment_status":"closed","ping_status":"closed","template":"","meta":{"_acf_changed":false,"inline_featured_image":false,"footnotes":""},"class_list":["post-1304","page","type-page","status-publish","hentry"],"acf":[],"yoast_head":"<!-- This site is optimized with the Yoast SEO plugin v27.0 - https:\/\/yoast.com\/product\/yoast-seo-wordpress\/ -->\n<title>Cookie Policy - Corsica Paradise<\/title>\n<meta name=\"description\" content=\"Notre cookie policy : pour faire fonctionner notre site web et vous faciliter la vie. Lisez ici pourquoi et comment nous utilisons les cookies.\" \/>\n<meta name=\"robots\" content=\"index, follow, max-snippet:-1, max-image-preview:large, max-video-preview:-1\" \/>\n<link rel=\"canonical\" href=\"https:\/\/www.corsica-paradise.com\/fr\/cookie-policy\/\" \/>\n<meta property=\"og:locale\" content=\"fr_FR\" \/>\n<meta property=\"og:type\" content=\"article\" \/>\n<meta property=\"og:title\" content=\"Cookie Policy - Corsica Paradise\" \/>\n<meta property=\"og:description\" content=\"Notre cookie policy : pour faire fonctionner notre site web et vous faciliter la vie. Lisez ici pourquoi et comment nous utilisons les cookies.\" \/>\n<meta property=\"og:url\" content=\"https:\/\/www.corsica-paradise.com\/fr\/cookie-policy\/\" \/>\n<meta property=\"og:site_name\" content=\"Corsica Paradise\" \/>\n<meta property=\"article:modified_time\" content=\"2022-04-06T08:17:57+00:00\" \/>\n<meta name=\"twitter:card\" content=\"summary_large_image\" \/>\n<meta name=\"twitter:label1\" content=\"Dur\u00e9e de lecture estim\u00e9e\" \/>\n\t<meta name=\"twitter:data1\" content=\"1 minute\" \/>\n<script type=\"application\/ld+json\" class=\"yoast-schema-graph\">{\"@context\":\"https:\/\/schema.org\",\"@graph\":[{\"@type\":\"WebPage\",\"@id\":\"https:\/\/www.corsica-paradise.com\/fr\/cookie-policy\/\",\"url\":\"https:\/\/www.corsica-paradise.com\/fr\/cookie-policy\/\",\"name\":\"Cookie Policy - Corsica Paradise\",\"isPartOf\":{\"@id\":\"https:\/\/www.corsica-paradise.com\/fr\/#website\"},\"datePublished\":\"2020-03-13T07:21:57+00:00\",\"dateModified\":\"2022-04-06T08:17:57+00:00\",\"description\":\"Notre cookie policy : pour faire fonctionner notre site web et vous faciliter la vie. Lisez ici pourquoi et comment nous utilisons les cookies.\",\"breadcrumb\":{\"@id\":\"https:\/\/www.corsica-paradise.com\/fr\/cookie-policy\/#breadcrumb\"},\"inLanguage\":\"fr-FR\",\"potentialAction\":[{\"@type\":\"ReadAction\",\"target\":[\"https:\/\/www.corsica-paradise.com\/fr\/cookie-policy\/\"]}]},{\"@type\":\"BreadcrumbList\",\"@id\":\"https:\/\/www.corsica-paradise.com\/fr\/cookie-policy\/#breadcrumb\",\"itemListElement\":[{\"@type\":\"ListItem\",\"position\":1,\"name\":\"Home\",\"item\":\"https:\/\/www.corsica-paradise.com\/fr\/\"},{\"@type\":\"ListItem\",\"position\":2,\"name\":\"Cookie Policy\"}]},{\"@type\":\"WebSite\",\"@id\":\"https:\/\/www.corsica-paradise.com\/fr\/#website\",\"url\":\"https:\/\/www.corsica-paradise.com\/fr\/\",\"name\":\"Corsica Paradise\",\"description\":\"\",\"publisher\":{\"@id\":\"https:\/\/www.corsica-paradise.com\/fr\/#organization\"},\"potentialAction\":[{\"@type\":\"SearchAction\",\"target\":{\"@type\":\"EntryPoint\",\"urlTemplate\":\"https:\/\/www.corsica-paradise.com\/fr\/?s={search_term_string}\"},\"query-input\":{\"@type\":\"PropertyValueSpecification\",\"valueRequired\":true,\"valueName\":\"search_term_string\"}}],\"inLanguage\":\"fr-FR\"},{\"@type\":\"Organization\",\"@id\":\"https:\/\/www.corsica-paradise.com\/fr\/#organization\",\"name\":\"Corsica Paradise\",\"url\":\"https:\/\/www.corsica-paradise.com\/fr\/\",\"logo\":{\"@type\":\"ImageObject\",\"inLanguage\":\"fr-FR\",\"@id\":\"https:\/\/www.corsica-paradise.com\/fr\/#\/schema\/logo\/image\/\",\"url\":\"https:\/\/www.corsica-paradise.com\/wp-content\/uploads\/2020\/02\/corsica_6.jpg\",\"contentUrl\":\"https:\/\/www.corsica-paradise.com\/wp-content\/uploads\/2020\/02\/corsica_6.jpg\",\"width\":1900,\"height\":800,\"caption\":\"Corsica Paradise\"},\"image\":{\"@id\":\"https:\/\/www.corsica-paradise.com\/fr\/#\/schema\/logo\/image\/\"}}]}<\/script>\n<!-- \/ Yoast SEO plugin. -->","yoast_head_json":{"title":"Cookie Policy - Corsica Paradise","description":"Notre cookie policy : pour faire fonctionner notre site web et vous faciliter la vie. Lisez ici pourquoi et comment nous utilisons les cookies.","robots":{"index":"index","follow":"follow","max-snippet":"max-snippet:-1","max-image-preview":"max-image-preview:large","max-video-preview":"max-video-preview:-1"},"canonical":"https:\/\/www.corsica-paradise.com\/fr\/cookie-policy\/","og_locale":"fr_FR","og_type":"article","og_title":"Cookie Policy - Corsica Paradise","og_description":"Notre cookie policy : pour faire fonctionner notre site web et vous faciliter la vie. Lisez ici pourquoi et comment nous utilisons les cookies.","og_url":"https:\/\/www.corsica-paradise.com\/fr\/cookie-policy\/","og_site_name":"Corsica Paradise","article_modified_time":"2022-04-06T08:17:57+00:00","twitter_card":"summary_large_image","twitter_misc":{"Dur\u00e9e de lecture estim\u00e9e":"1 minute"},"schema":{"@context":"https:\/\/schema.org","@graph":[{"@type":"WebPage","@id":"https:\/\/www.corsica-paradise.com\/fr\/cookie-policy\/","url":"https:\/\/www.corsica-paradise.com\/fr\/cookie-policy\/","name":"Cookie Policy - Corsica Paradise","isPartOf":{"@id":"https:\/\/www.corsica-paradise.com\/fr\/#website"},"datePublished":"2020-03-13T07:21:57+00:00","dateModified":"2022-04-06T08:17:57+00:00","description":"Notre cookie policy : pour faire fonctionner notre site web et vous faciliter la vie. Lisez ici pourquoi et comment nous utilisons les cookies.","breadcrumb":{"@id":"https:\/\/www.corsica-paradise.com\/fr\/cookie-policy\/#breadcrumb"},"inLanguage":"fr-FR","potentialAction":[{"@type":"ReadAction","target":["https:\/\/www.corsica-paradise.com\/fr\/cookie-policy\/"]}]},{"@type":"BreadcrumbList","@id":"https:\/\/www.corsica-paradise.com\/fr\/cookie-policy\/#breadcrumb","itemListElement":[{"@type":"ListItem","position":1,"name":"Home","item":"https:\/\/www.corsica-paradise.com\/fr\/"},{"@type":"ListItem","position":2,"name":"Cookie Policy"}]},{"@type":"WebSite","@id":"https:\/\/www.corsica-paradise.com\/fr\/#website","url":"https:\/\/www.corsica-paradise.com\/fr\/","name":"Corsica Paradise","description":"","publisher":{"@id":"https:\/\/www.corsica-paradise.com\/fr\/#organization"},"potentialAction":[{"@type":"SearchAction","target":{"@type":"EntryPoint","urlTemplate":"https:\/\/www.corsica-paradise.com\/fr\/?s={search_term_string}"},"query-input":{"@type":"PropertyValueSpecification","valueRequired":true,"valueName":"search_term_string"}}],"inLanguage":"fr-FR"},{"@type":"Organization","@id":"https:\/\/www.corsica-paradise.com\/fr\/#organization","name":"Corsica Paradise","url":"https:\/\/www.corsica-paradise.com\/fr\/","logo":{"@type":"ImageObject","inLanguage":"fr-FR","@id":"https:\/\/www.corsica-paradise.com\/fr\/#\/schema\/logo\/image\/","url":"https:\/\/www.corsica-paradise.com\/wp-content\/uploads\/2020\/02\/corsica_6.jpg","contentUrl":"https:\/\/www.corsica-paradise.com\/wp-content\/uploads\/2020\/02\/corsica_6.jpg","width":1900,"height":800,"caption":"Corsica Paradise"},"image":{"@id":"https:\/\/www.corsica-paradise.com\/fr\/#\/schema\/logo\/image\/"}}]}},"_links":{"self":[{"href":"https:\/\/www.corsica-paradise.com\/fr\/wp-json\/wp\/v2\/pages\/1304","targetHints":{"allow":["GET"]}}],"collection":[{"href":"https:\/\/www.corsica-paradise.com\/fr\/wp-json\/wp\/v2\/pages"}],"about":[{"href":"https:\/\/www.corsica-paradise.com\/fr\/wp-json\/wp\/v2\/types\/page"}],"author":[{"embeddable":true,"href":"https:\/\/www.corsica-paradise.com\/fr\/wp-json\/wp\/v2\/users\/2"}],"replies":[{"embeddable":true,"href":"https:\/\/www.corsica-paradise.com\/fr\/wp-json\/wp\/v2\/comments?post=1304"}],"version-history":[{"count":3,"href":"https:\/\/www.corsica-paradise.com\/fr\/wp-json\/wp\/v2\/pages\/1304\/revisions"}],"predecessor-version":[{"id":3241,"href":"https:\/\/www.corsica-paradise.com\/fr\/wp-json\/wp\/v2\/pages\/1304\/revisions\/3241"}],"wp:attachment":[{"href":"https:\/\/www.corsica-paradise.com\/fr\/wp-json\/wp\/v2\/media?parent=1304"}],"curies":[{"name":"wp","href":"https:\/\/api.w.org\/{rel}","templated":true}]}}